{"id":235,"date":"2021-01-31T05:21:52","date_gmt":"2021-01-31T04:21:52","guid":{"rendered":"https:\/\/www.knackdienuss.de\/shop\/?post_type=product&#038;p=235"},"modified":"2021-01-31T05:59:02","modified_gmt":"2021-01-31T04:59:02","slug":"professionelle-bildbearbeitung-fuer-kuenstler","status":"publish","type":"product","link":"https:\/\/www.knackdienuss.de\/shop\/produkt\/professionelle-bildbearbeitung-fuer-kuenstler\/","title":{"rendered":"Professionelle Bildbearbeitung f\u00fcr K\u00fcnstler (5 Fotos)"},"content":{"rendered":"<h3>Pr\u00e4sentiere Deine Kunstwerke optimal im Internet<\/h3>\n<p>Im Internet ist ein Kunstwerk immer nur so gut wie sein Foto.<\/p>\n<p>Wer m\u00f6chte schon ein Kunstwerk kaufen, wenn er davon ein Foto sieht, bei dem die Wand noch zu sehen ist, die Kanten schief sind, das Blitzlicht reflektiert oder die Farben blass aussehen?<\/p>\n<p>Viele K\u00fcnstler tun sich schwer mit der digitalen Bildbearbeitung. Ein Maler von \u00d6lgem\u00e4lden oder eine Bildhauerin sind eben keine Fotodesigner. F\u00fcr jedes Kunstwerk extra einen Fotografen zu engagieren ist aber auch teuer und f\u00fcr die meisten K\u00fcnstler keine Option.<\/p>\n<p>Wenn das Kunstwerk gut fotografiert und das Foto professionell bearbeitet wird, dann wird das Foto auch dem Original gerecht \u2013 und erh\u00f6ht nat\u00fcrlich die Verkaufschancen dramatisch im Vergleich zu einem schlechten Foto.<\/p>\n<p>Du machst die Fotos (und <a href=\"https:\/\/tippsundtricks.kunst.ag\/kunstwerke-fotografieren-und-praesentieren\/\" target=\"_blank\" rel=\"noopener\">hier<\/a> kannst Du lesen, worauf Du achten musst) und wir bearbeiten Deine Fotos mit professioneller Bildbearbeitungssoftware, um Dein Kunstwerk optimal zu pr\u00e4sentieren.<\/p>\n<p>Du verwendest so viel Zeit und Energie f\u00fcr Deine Kunstwerke. Die Fotos Deiner Kunstwerke sollten auch die Qualit\u00e4t Deine Kunstwerke wiedergeben.<\/p>\n<h3>Was genau bekomme ich?<\/h3>\n<p>Wir bearbeiten das Foto Deines Kunstwerks mit professionellen Bildbeabeitungsprogrammen.<\/p>\n<p>Wir:<\/p>\n<ul>\n<li>entfernen st\u00f6rende R\u00e4nder<\/li>\n<li>richten das Bild korrekt aus<\/li>\n<li>optimieren die Farbwiedergabe<\/li>\n<li>optimieren die Dateigr\u00f6\u00dfe<\/li>\n<li>etc.<\/li>\n<\/ul>\n<p>5 Fotos pro Buchung.<\/p>\n<p>Wir bearbeiten <strong>1 Testfoto vorab<\/strong>. Wenn Dir das Ergebnis nicht gef\u00e4llt, bekommst Du Dein Geld umgehend zur\u00fcck.<\/p>\n<h3>Wie lade ich die Fotodateien hoch und wie lange dauert die Bearbeitung?<\/h3>\n<p>Du kannst die erste Bilddatei f\u00fcr das Testfoto gleich im Rahmen des Bestellprozesses hier hochladen (an der &#8218;Kasse&#8216; unter &#8218;Please select file to upload&#8216; auf &#8218;Choose file&#8216; klicken). Oder Du sendest uns die Bilddatei per E-mail, indem Du auf unsere E-mail mit der Bestellbest\u00e4tigung antwortest.<\/p>\n<p>Die Bearbeitung dauert in der Regel 3 Werktage. Bei Verz\u00f6gerungen oder Fragen zu den Bilddateien geben wir Dir umgehend Bescheid.<\/p>\n","protected":false},"excerpt":{"rendered":"<p>Professionelle Bildbearbeitung f\u00fcr K\u00fcnstler. 5 Fotos pro Buchung. 1 Testfoto vorab. Bei Nichtgefallen des Testfotos Geld zur\u00fcck.<\/p>\n","protected":false},"featured_media":237,"template":"","meta":[],"product_brand":[],"product_cat":[18],"product_tag":[],"class_list":{"0":"post-235","1":"product","2":"type-product","3":"status-publish","4":"has-post-thumbnail","6":"product_cat-kuenstler","8":"first","9":"instock","10":"sale","11":"virtual","12":"taxable","13":"purchasable","14":"product-type-simple"},"_links":{"self":[{"href":"https:\/\/www.knackdienuss.de\/shop\/wp-json\/wp\/v2\/product\/235","targetHints":{"allow":["GET"]}}],"collection":[{"href":"https:\/\/www.knackdienuss.de\/shop\/wp-json\/wp\/v2\/product"}],"about":[{"href":"https:\/\/www.knackdienuss.de\/shop\/wp-json\/wp\/v2\/types\/product"}],"wp:featuredmedia":[{"embeddable":true,"href":"https:\/\/www.knackdienuss.de\/shop\/wp-json\/wp\/v2\/media\/237"}],"wp:attachment":[{"href":"https:\/\/www.knackdienuss.de\/shop\/wp-json\/wp\/v2\/media?parent=235"}],"wp:term":[{"taxonomy":"product_brand","embeddable":true,"href":"https:\/\/www.knackdienuss.de\/shop\/wp-json\/wp\/v2\/product_brand?post=235"},{"taxonomy":"product_cat","embeddable":true,"href":"https:\/\/www.knackdienuss.de\/shop\/wp-json\/wp\/v2\/product_cat?post=235"},{"taxonomy":"product_tag","embeddable":true,"href":"https:\/\/www.knackdienuss.de\/shop\/wp-json\/wp\/v2\/product_tag?post=235"}],"curies":[{"name":"wp","href":"https:\/\/api.w.org\/{rel}","templated":true}]}}