{"id":258,"date":"2021-07-21T15:44:15","date_gmt":"2021-07-21T13:44:15","guid":{"rendered":"https:\/\/www.knackdienuss.de\/shop\/?post_type=product&#038;p=258"},"modified":"2025-05-09T11:12:06","modified_gmt":"2025-05-09T09:12:06","slug":"kuenstler-postkarten-internet-kampagne","status":"publish","type":"product","link":"https:\/\/www.knackdienuss.de\/shop\/produkt\/kuenstler-postkarten-internet-kampagne\/","title":{"rendered":"Die (kleine) K\u00fcnstler-Postkarten-Internet-Kampagne"},"content":{"rendered":"<p>Wie kann ich als K\u00fcnstler mit kleinem Budget und ohne PC-Kenntnisse Werbung f\u00fcr meine Kunst machen?<\/p>\n<p><strong>Unsere Idee:<\/strong><\/p>\n<p>Die (kleine) K\u00fcnstler-Postkarten-Internet-Kampagne:<\/p>\n<p>Du verschickst (oder verschenkst pers\u00f6nlich) Postkarten von Deinem (neuesten?) Kunstwerk an Familie, Freunde und Bekannte, die Deine Kunst sch\u00e4tzen. Die k\u00f6nnen dann diese Blankokarten nutzen, um sie an andere\u00a0 zu verschicken.<\/p>\n<p>Auf der R\u00fcckseite der Postkarte ist ein Link zu Deiner Mini-Website https:\/\/mylatest.work\/Dein-Name mit einem Bild Deines Kunstwerks und einem weiterf\u00fchrenden Link. So finden auch neue Interessenten zu Deiner Kunst.<\/p>\n<p><strong>Unser Angebot:<\/strong><\/p>\n<p>Wir lassen Postkarten von Deinem Kunstwerk drucken.<\/p>\n<p>Auf der<strong> Vorderseite ist ein Foto das Kunstwerks<\/strong> (Fotodatei bitte zur Verf\u00fcgung stellen!).<\/p>\n<p>Auf der <strong>R\u00fcckseite<\/strong> wird unter Deinem <strong>Namen und dem Titel des Kunstwerks ein Link<\/strong> gedruckt:<\/p>\n<p>https:\/\/mylatest.work\/Dein-Name<\/p>\n<p>oder<\/p>\n<p>https:\/\/mylatest.art\/vorname-nachname<\/p>\n<p>oder<\/p>\n<p>https:\/\/www.vorname-nachname.de<br \/>\n<em>(falls Du eine eigene Website daf\u00fcr nutzen m\u00f6chtest)<\/em><\/p>\n<p>Im Prinzip kannst Du den Text auf der R\u00fcckseite frei gestalten.<\/p>\n<p>Die Mini-Website mit einem Foto Deines Kunstwerks richten wir ebenfalls f\u00fcr Dich ein.<\/p>\n<p class=\"mb-3 pb-0\">Unser Rundum-Service f\u00fcr Dich:<\/p>\n<ul>\n<li class=\"lead pb-0\"><b>Einrichtung der Druckvorlage<\/b> f\u00fcr Deine Postkarte<\/li>\n<li class=\"lead pb-0\"><b>Abwicklung des Drucks<\/b> Deiner Postkarte bis zu Deiner Haust\u00fcr <i>(inkl. Versand innerhalb Deutschlands ohne Halligen o.\u00e4., \u00d6sterreich, Schweiz. Bei ungew\u00f6hnlichen Orten und h\u00f6heren Versandkosten kl\u00e4ren wir das vorher mit Dir ab)<\/i><\/li>\n<li class=\"lead pb-0\"><b>100 Postkarten DIN A6 <i>(Premiumkarten Offsetdruck, 300g Karton)<\/i>:<\/b> Vorderseite Foto Deines Kunstwerks, R\u00fcckseite Link auf https:\/\/MyLatest.Work\/Dein-Name<\/li>\n<li class=\"lead pb-0\"><b>Einrichtung Deiner Mini-Website<\/b> unter https:\/\/MyLatest.Work\/Dein-Name mit dem Foto Deines Werks und einem weiterf\u00fchrenden Link Deiner Wahl <i>(z.B. zu Deiner Website bei www.kunst.ag)<\/i>. Garantierte Laufzeit: 12 Monate.<\/li>\n<li><strong>Freigabe vor dem Druck:<\/strong> Vor dem Druck schicken wir Dir die Druckansichten der Vorder- und R\u00fcckseite zur Freigabe.<\/li>\n<\/ul>\n<p>Was wir von Dir brauchen:<\/p>\n<ul>\n<li>Eine Fotodatei Deines Kunstwerks in guter Qualit\u00e4t als jpg-Datei und mindestens 1823 x 1315 Pixeln.<\/li>\n<li>Falls Du auf https:\/\/MyLatest.Work\/Dein-Name auch oben ein Portr\u00e4tfoto von Dir eingeblendet haben m\u00f6chtest, brauchen wir dieses ebenfalls als Bildatei im .jpg-Format.<\/li>\n<li>Wir brauchen von Dir einen Link, auf den von https:\/\/MyLatest.Work\/Dein-Name verwiesen werden soll <em>(z.B. Dein Profil auf www.kunst.ag oder Deine eigene Website)<\/em>.<\/li>\n<\/ul>\n<p>Weitere Infos zur Idee und zu der Kampagne findest Du hier:<\/p>\n<p><a href=\"https:\/\/diekampagne.kunst.ag\/\" target=\"_blank\" rel=\"noopener\">https:\/\/diekampagne.kunst.ag\/<\/a><\/p>\n","protected":false},"excerpt":{"rendered":"<p>Die (kleine) K\u00fcnstler-Postkarten-Internet-Kampagne inkl. 100 Postkarten Deines Kunstwerks und Deiner Mini-Seite unter https:\/\/mylatest.work\/Dein-Name<\/p>\n","protected":false},"featured_media":260,"template":"","meta":[],"product_brand":[],"product_cat":[18],"product_tag":[],"class_list":{"0":"post-258","1":"product","2":"type-product","3":"status-publish","4":"has-post-thumbnail","6":"product_cat-kuenstler","8":"first","9":"instock","10":"virtual","11":"taxable","12":"purchasable","13":"product-type-simple"},"_links":{"self":[{"href":"https:\/\/www.knackdienuss.de\/shop\/wp-json\/wp\/v2\/product\/258","targetHints":{"allow":["GET"]}}],"collection":[{"href":"https:\/\/www.knackdienuss.de\/shop\/wp-json\/wp\/v2\/product"}],"about":[{"href":"https:\/\/www.knackdienuss.de\/shop\/wp-json\/wp\/v2\/types\/product"}],"wp:featuredmedia":[{"embeddable":true,"href":"https:\/\/www.knackdienuss.de\/shop\/wp-json\/wp\/v2\/media\/260"}],"wp:attachment":[{"href":"https:\/\/www.knackdienuss.de\/shop\/wp-json\/wp\/v2\/media?parent=258"}],"wp:term":[{"taxonomy":"product_brand","embeddable":true,"href":"https:\/\/www.knackdienuss.de\/shop\/wp-json\/wp\/v2\/product_brand?post=258"},{"taxonomy":"product_cat","embeddable":true,"href":"https:\/\/www.knackdienuss.de\/shop\/wp-json\/wp\/v2\/product_cat?post=258"},{"taxonomy":"product_tag","embeddable":true,"href":"https:\/\/www.knackdienuss.de\/shop\/wp-json\/wp\/v2\/product_tag?post=258"}],"curies":[{"name":"wp","href":"https:\/\/api.w.org\/{rel}","templated":true}]}}