{"id":262,"date":"2021-07-22T12:48:18","date_gmt":"2021-07-22T10:48:18","guid":{"rendered":"https:\/\/www.knackdienuss.de\/shop\/?post_type=product&#038;p=262"},"modified":"2021-08-27T03:55:19","modified_gmt":"2021-08-27T01:55:19","slug":"wunschdomain-weg-rettungspaket","status":"publish","type":"product","link":"https:\/\/www.knackdienuss.de\/shop\/produkt\/wunschdomain-weg-rettungspaket\/","title":{"rendered":"Wunschdomain.weg-Rettungspaket"},"content":{"rendered":"<p>Du hast eine tolle Gesch\u00e4ftsidee, aber Deine Wunschdomain ist schon vergeben?<\/p>\n<p>Sag uns Deine Wunschdomain und wir finden Alternativen f\u00fcr Dich.<\/p>\n<ul>\n<li><strong>Schritt 1:<\/strong> Du nennst uns bei der Bestellung als Kommentar <strong>Deine vergriffene Wunschdomain<\/strong>.<\/li>\n<li><strong>Schritt 2:<\/strong> Wir nutzen unsers <strong>Namens-Software und Online-Tools<\/strong>, um durch andere Domainendungen und\/oder Abwandlungen des Domainnamens <strong>alternative Domains f\u00fcr Dich zu finden<\/strong>.<\/li>\n<li><strong>Schritt 3:<\/strong> Wir schlagen Dir <strong>5 verf\u00fcgbare Domains vor<\/strong>.<\/li>\n<li><strong>Schritt 4:<\/strong> Du bist zufrieden und hast <strong>mindestens einen Kandidaten<\/strong> f\u00fcr Dich gefunden. Oder:<\/li>\n<li><strong>Schritt 5:<\/strong> Du bist noch nicht zufrieden: Dann bekommst Du <strong>noch einmal 5 verf\u00fcgbare Domainvorschl\u00e4ge<\/strong> von uns.<\/li>\n<\/ul>\n<p><strong>Zufriedenheitsgarantie:<\/strong> Ist unter unseren <strong>10 Domainvorschl\u00e4gen<\/strong> immer noch keiner, der Dir gef\u00e4llt, bekommst Du <strong>einfach Dein Geld zur\u00fcck.<\/strong><\/p>\n<p><strong>Wichtiger Hinweis: <\/strong>Ob der Nutzung der von uns vorgeschlagenen Domains irgendwelche Rechte entgegenstehen, k\u00f6nnen wir leider nicht f\u00fcr Dich kl\u00e4ren. Die Registrierung Deiner Wunschdomain.doch und die Kl\u00e4rung der rechtlichen Aspekte musst Du bitte selbst \u00fcbernehmen.<\/p>\n<p><em>Weitere Infos zum Thema:<\/em><\/p>\n<p><em>In diesem Gr\u00fcnderland-Artikel von Matthias Klopp ging es genau um das Thema und m\u00f6gliche L\u00f6sungen, um doch noch an Deine Wunschdomain zu kommen:<\/em><\/p>\n<p><em>&#8218;<a href=\"https:\/\/www.gruenderland.de\/marketing\/hey-fehlt-dir-noch-die-perfekte-domain.html\" target=\"_blank\" rel=\"noopener\">Hey.com oder fehlt Dir noch die perfekte Domain f\u00fcr Deine Idee?<\/a>&#8218;<\/em><\/p>\n<p>&nbsp;<\/p>\n","protected":false},"excerpt":{"rendered":"<p>Wir finden f\u00fcr Dich mindestens 5 alternative Domains, wenn Deine Wunschdomain schon vergeben ist. Mit Zufriedenheitsgarantie.<\/p>\n","protected":false},"featured_media":265,"template":"","meta":[],"product_brand":[],"product_cat":[19],"product_tag":[],"class_list":{"0":"post-262","1":"product","2":"type-product","3":"status-publish","4":"has-post-thumbnail","6":"product_cat-gruender-unternehmer","8":"first","9":"instock","10":"virtual","11":"taxable","12":"purchasable","13":"product-type-simple"},"_links":{"self":[{"href":"https:\/\/www.knackdienuss.de\/shop\/wp-json\/wp\/v2\/product\/262","targetHints":{"allow":["GET"]}}],"collection":[{"href":"https:\/\/www.knackdienuss.de\/shop\/wp-json\/wp\/v2\/product"}],"about":[{"href":"https:\/\/www.knackdienuss.de\/shop\/wp-json\/wp\/v2\/types\/product"}],"wp:featuredmedia":[{"embeddable":true,"href":"https:\/\/www.knackdienuss.de\/shop\/wp-json\/wp\/v2\/media\/265"}],"wp:attachment":[{"href":"https:\/\/www.knackdienuss.de\/shop\/wp-json\/wp\/v2\/media?parent=262"}],"wp:term":[{"taxonomy":"product_brand","embeddable":true,"href":"https:\/\/www.knackdienuss.de\/shop\/wp-json\/wp\/v2\/product_brand?post=262"},{"taxonomy":"product_cat","embeddable":true,"href":"https:\/\/www.knackdienuss.de\/shop\/wp-json\/wp\/v2\/product_cat?post=262"},{"taxonomy":"product_tag","embeddable":true,"href":"https:\/\/www.knackdienuss.de\/shop\/wp-json\/wp\/v2\/product_tag?post=262"}],"curies":[{"name":"wp","href":"https:\/\/api.w.org\/{rel}","templated":true}]}}