{"id":266,"date":"2021-07-27T12:50:18","date_gmt":"2021-07-27T10:50:18","guid":{"rendered":"https:\/\/www.knackdienuss.de\/shop\/?post_type=product&#038;p=266"},"modified":"2021-09-16T15:30:57","modified_gmt":"2021-09-16T13:30:57","slug":"professioneller-kuenstler-profil-check","status":"publish","type":"product","link":"https:\/\/www.knackdienuss.de\/shop\/produkt\/professioneller-kuenstler-profil-check\/","title":{"rendered":"Professioneller K\u00fcnstler-Profil-Check"},"content":{"rendered":"<p><strong>Wirkt mein K\u00fcnstler-Profil professionell? Kann es K\u00e4ufer \u00fcberzeugen?<br \/>\n<\/strong><\/p>\n<p>Wir pr\u00fcfen, ob Dein Online-Profil als K\u00fcnstler einen professionellen Eindruck macht und potentielle K\u00e4ufer \u00fcberzeugen kann.<\/p>\n<p>Wenn Du als K\u00fcnstler ernst genommen werden wollen, dann musst Du Dich auch profesionell pr\u00e4sentieren.<\/p>\n<p>Deshalb pr\u00fcfen wir Dein K\u00fcnstler-Profil auf folgende Punkte:<\/p>\n<ul>\n<li>Auftritt unter seri\u00f6sem Namen?<\/li>\n<li>Professionelle Pr\u00e4sentation der Kunstwerke?<\/li>\n<li>\u00dcberzeugendes Selbstportr\u00e4t\/Foto?<\/li>\n<li>Treffende Selbstbeschreibung als K\u00fcnstler?<\/li>\n<li>Aussagekr\u00e4ftige k\u00fcnstlerische Vita?<\/li>\n<li>Realistische Preise der Kunstwerke?<\/li>\n<li>Professionelle Pr\u00e4sentation bisheriger Ausstellungen?<\/li>\n<\/ul>\n<p><strong>Was genau bekomme ich?<\/strong><\/p>\n<p>Du bekommt eine professionelle \u00dcberpr\u00fcfung Deines K\u00fcnstler-Profils anhand der genannten Kritieren. Du erh\u00e4ltst schriflich eine ehrliche R\u00fcckmeldung mit konkreten Tipps und Hinweisen zur Verbesserung. Ein K\u00fcnstler-Profil-Check gilt f\u00fcr ein Online-Profil<em> (Website oder Plattform wie z.B. www.kunst.ag\/deinprofil)<\/em>.<\/p>\n<p><strong>Was sagen bisherige Kunden?<\/strong><\/p>\n<blockquote><p>&#8222;Ich bin sehr zufrieden mit Ihrer Beratung und ganz begeistert. Vielen Dank nochmals.&#8220;<br \/>\nSusanne Binder, K\u00fcnstlerin<\/p><\/blockquote>\n<p><strong>Wer f\u00fchrt den K\u00fcnstler-Profil-Check durch?<\/strong><\/p>\n<p>Verantwortlich f\u00fcr den K\u00fcnstler-Profil-Check ist Matthias Klopp. Betreiber der Kunst-Plattform <a href=\"https:\/\/www.kunst.ag\/\" target=\"_blank\" rel=\"noopener\">www.kunst.ag<\/a> seit 2004, Verleger des eBooks &#8218;<a href=\"https:\/\/www.kunsterfolg.de\" target=\"_blank\" rel=\"noopener\">Kunst erfolgreich verkaufen<\/a>&#8218; seit 2006 und Betreiber und Autor des Blogs &#8218;<a href=\"https:\/\/tippsundtricks.kunst.ag\/\" target=\"_blank\" rel=\"noopener\">Tipps &amp; Tricks zum Verkauf von Kunst<\/a>&#8218; seit 2009.<\/p>\n<p><strong>Lieferzeit und Format<\/strong><\/p>\n<p>Das Ergebnis wird ca. 7 Werktage nach Bestellung als PDF-Datei per E-mail zugeschickt.<\/p>\n<p><strong>Zufriedenheitsgarantie<\/strong><\/p>\n<p>Wir wollen Dir helfen, Dich als K\u00fcnstler professionell zu pr\u00e4sentieren. Wenn Du mit unserem K\u00fcnstler-Profil-Check nicht zufrieden bist, dann bekommst Du Dein Geld zur\u00fcck. Eine kurze E-mail gen\u00fcgt.<\/p>\n","protected":false},"excerpt":{"rendered":"<p>Professionelle \u00dcberpr\u00fcfung Deines K\u00fcnstler-Profils im Internet. Ehrliche R\u00fcckmeldung mit konkreten Tipps und Hinweisen zur Verbesserung. Ein K\u00fcnstler-Profil-Check gilt f\u00fcr ein Online-Profil<em> (Website oder Plattform wie z.B. www.kunst.ag\/deinprofil)<\/em>.<\/p>\n","protected":false},"featured_media":267,"template":"","meta":[],"product_brand":[],"product_cat":[18],"product_tag":[],"class_list":{"0":"post-266","1":"product","2":"type-product","3":"status-publish","4":"has-post-thumbnail","6":"product_cat-kuenstler","8":"first","9":"instock","10":"virtual","11":"taxable","12":"purchasable","13":"product-type-simple"},"_links":{"self":[{"href":"https:\/\/www.knackdienuss.de\/shop\/wp-json\/wp\/v2\/product\/266","targetHints":{"allow":["GET"]}}],"collection":[{"href":"https:\/\/www.knackdienuss.de\/shop\/wp-json\/wp\/v2\/product"}],"about":[{"href":"https:\/\/www.knackdienuss.de\/shop\/wp-json\/wp\/v2\/types\/product"}],"wp:featuredmedia":[{"embeddable":true,"href":"https:\/\/www.knackdienuss.de\/shop\/wp-json\/wp\/v2\/media\/267"}],"wp:attachment":[{"href":"https:\/\/www.knackdienuss.de\/shop\/wp-json\/wp\/v2\/media?parent=266"}],"wp:term":[{"taxonomy":"product_brand","embeddable":true,"href":"https:\/\/www.knackdienuss.de\/shop\/wp-json\/wp\/v2\/product_brand?post=266"},{"taxonomy":"product_cat","embeddable":true,"href":"https:\/\/www.knackdienuss.de\/shop\/wp-json\/wp\/v2\/product_cat?post=266"},{"taxonomy":"product_tag","embeddable":true,"href":"https:\/\/www.knackdienuss.de\/shop\/wp-json\/wp\/v2\/product_tag?post=266"}],"curies":[{"name":"wp","href":"https:\/\/api.w.org\/{rel}","templated":true}]}}