{"id":27,"date":"2021-01-05T03:52:22","date_gmt":"2021-01-05T02:52:22","guid":{"rendered":"https:\/\/www.knackdienuss.de\/shop\/?post_type=product&#038;p=27"},"modified":"2021-01-14T11:11:28","modified_gmt":"2021-01-14T10:11:28","slug":"kuenstler-corona-paket","status":"publish","type":"product","link":"https:\/\/www.knackdienuss.de\/shop\/produkt\/kuenstler-corona-paket\/","title":{"rendered":"K\u00fcnstler-Corona-Paket"},"content":{"rendered":"<p>Dieses &#8218;K\u00fcnstler-Corona-Paket&#8216; richtet sich an bildende K\u00fcnstler, die von der Corona-Krise besonders betroffen sind: 50-70% Rabatt.<\/p>\n<p>Um K\u00fcnstler zu unterst\u00fctzen, habe ich ein Paket aus eBook, Online-Workshop und individuellem Coaching geschn\u00fcrt. Damit es sich K\u00fcnstler auch in diesen schweren Zeiten leisten k\u00f6nnen, biete ich das ganze Paket aktuell zum Sonderpreis an.<\/p>\n<p>Ich betreibe die K\u00fcnstler-Plattform <a href=\"https:\/\/www.kunst.ag\" target=\"_blank\" rel=\"noopener\">www.kunst.ag<\/a> und unterst\u00fctze unsere Mitglieder bereits mit Tipps und Informationen per Newsletter und auf <a href=\"https:\/\/tippsundtricks.kunst.ag\" target=\"_blank\" rel=\"noopener\">tippsundtricks.kunst.ag<\/a>. Das &#8218;K\u00fcnstler-Corona-Paket&#8216; richtet sich an alle K\u00fcnstler, die mit professioneller Unterst\u00fctzung und pers\u00f6nlicher Betreuung einen Schritt weiter gehen wollen.<\/p>\n<p>Bitte lies Dir die Beschreibungen der enthaltenen Angebote des Pakets vor der Buchung durch, damit Du genau wei\u00dft, was Du bekommst.<\/p>\n<p><em>HINWEIS: Das enthaltene Intensiv-Coaching ist ein Spezialangebot f\u00fcr K\u00fcnstler in Corona-Zeiten. Wenn Du dar\u00fcber hinaus Interesse an meinem Coaching hast, dann schick mir bitte vorher <a href=\"https:\/\/www.knackdienuss.de\/kontakt\/\">eine Nachricht<\/a>.<\/em><\/p>\n","protected":false},"excerpt":{"rendered":"<p>Dieses &#8218;K\u00fcnstler-Corona-Paket&#8216; richtet sich an bildende K\u00fcnstler, die von der Corona-Krise besonders betroffen sind: 50% Rabatt.<\/p>\n","protected":false},"featured_media":47,"template":"","meta":[],"product_brand":[],"product_cat":[18,17],"product_tag":[],"class_list":{"0":"post-27","1":"product","2":"type-product","3":"status-publish","4":"has-post-thumbnail","6":"product_cat-kuenstler","7":"product_cat-pakete","9":"first","10":"instock","11":"sale","12":"virtual","13":"taxable","14":"purchasable","15":"product-type-woosb"},"_links":{"self":[{"href":"https:\/\/www.knackdienuss.de\/shop\/wp-json\/wp\/v2\/product\/27","targetHints":{"allow":["GET"]}}],"collection":[{"href":"https:\/\/www.knackdienuss.de\/shop\/wp-json\/wp\/v2\/product"}],"about":[{"href":"https:\/\/www.knackdienuss.de\/shop\/wp-json\/wp\/v2\/types\/product"}],"wp:featuredmedia":[{"embeddable":true,"href":"https:\/\/www.knackdienuss.de\/shop\/wp-json\/wp\/v2\/media\/47"}],"wp:attachment":[{"href":"https:\/\/www.knackdienuss.de\/shop\/wp-json\/wp\/v2\/media?parent=27"}],"wp:term":[{"taxonomy":"product_brand","embeddable":true,"href":"https:\/\/www.knackdienuss.de\/shop\/wp-json\/wp\/v2\/product_brand?post=27"},{"taxonomy":"product_cat","embeddable":true,"href":"https:\/\/www.knackdienuss.de\/shop\/wp-json\/wp\/v2\/product_cat?post=27"},{"taxonomy":"product_tag","embeddable":true,"href":"https:\/\/www.knackdienuss.de\/shop\/wp-json\/wp\/v2\/product_tag?post=27"}],"curies":[{"name":"wp","href":"https:\/\/api.w.org\/{rel}","templated":true}]}}