{"id":290,"date":"2021-08-06T12:53:49","date_gmt":"2021-08-06T10:53:49","guid":{"rendered":"https:\/\/www.knackdienuss.de\/shop\/?post_type=product&#038;p=290"},"modified":"2021-08-26T05:20:16","modified_gmt":"2021-08-26T03:20:16","slug":"erdbeereis-prinzip-service","status":"publish","type":"product","link":"https:\/\/www.knackdienuss.de\/shop\/produkt\/erdbeereis-prinzip-service\/","title":{"rendered":"Neu-Kunden gewinnen nach dem Erdbeereis-Prinzip"},"content":{"rendered":"<h2>Machst Du Deinen Neu-Kunden ein verlockendes Einstiegsangebot?<\/h2>\n<p>Ist Dein Einstiegsangebot f\u00fcr neue Kunden einfach zu gut zum Ablehnen?<\/p>\n<p>Stell Dir vor, es ist Hochsommer und so richtig hei\u00df. Du gehst in einen Park. Dort stehen drei Eiswagen nebeneinander.<\/p>\n<p>Der erste Wagen ist wundersch\u00f6n dekoriert und hat eine riesige Eiskugel aus Plastik auf dem Dach. Ein echter Hingucker.<\/p>\n<p>Der zweite Wagen sieht ganz normal aus, hat aber ein Schild auf dem steht: &#8218;Superlecker Eis!&#8216;. Klingt verlockend.<\/p>\n<p>Der dritte Wagen geh\u00f6rt einem kleinen Mann, der eine kleinen Kugel Erdbeereis auf eine kleine Waffel dr\u00fcckt und sie Dir dann mit einem L\u00e4cheln entgegenstreckt: &#8218;M\u00f6chtest Du einfach mal probieren? Hier, probieren kostet nichts.&#8216;<\/p>\n<p>Zu welchem Eiswagen w\u00fcrdest Du gehen? Bei wem w\u00fcrdest Du Dein Eis dann kaufen?<\/p>\n<p>Nun verkaufen wir nicht alle Eis und k\u00f6nnen einfach so Kostproben unserer Produkte kostenlos anbieten.<\/p>\n<p>Oder doch?<\/p>\n<p>Es kommt darauf an. F\u00fcr fast jedes Produkt und jeden Service lassen sich verlockende Einstiegsangebote entwickeln, mit denen ein Interessent bei Dir einsteigen kann, ohne gleich Dein Hauptprodukt kaufen zu m\u00fcssen. Kommt der Interessent dann auf den Geschmack, steigt die Wahrscheinlichkeit, dass er hinterher auch Dein richtiges Produkt kauft. Vor allem hast Du ihn erstmal an der Angel, um ihn in weiteren Schritten von Deinem Produkt zu \u00fcberzeugen.<\/p>\n<p>K\u00f6nntest Du im Hochsommer, wenn Dir die Zunge am Gaumen klebt, einfach so an dem Mann mit der Kugel Erdbeereis vorbeigehen?<\/p>\n<p>Wenn Du einem potentiellen Kunden in der richtigen Situation ein verlockendes Angebot machst, wird er nicht so einfach weitergehen oder Deine Website einfach wegklicken. Wenn Du ihm etwas anbietest, dass er gerade wirklich haben m\u00f6chte und das nichts kostet, dann wird er viel eher bereit sein, den n\u00e4chsten Schritt zu machen und Dein Einstiegsangebot anzunehmen.<\/p>\n<p>Ein verlockendes Einstiegsangebot kann Deinem Online-Umsatz einen gewaltigen Schub geben, weil es die Schwelle f\u00fcr einen Kontakt erheblich senkt. So werden mehr Besucher Deiner Website zu Kontakten und anschlie\u00dfend zu Kunden.<\/p>\n<p>In diesem Service entwickeln wir so ein verlockendes Einstiegsangebot nach dem Erdbeereis-Prinzip f\u00fcr Dein Produkt.<\/p>\n<p><strong>Was genau bekomme ich?<\/strong><\/p>\n<p>Wir entwickeln f\u00fcr Dich eine Idee zu einem konkreten verlockenden Einstiegsangebot f\u00fcr Dein Produkt.<\/p>\n<p><strong>Wer f\u00fchrt diesen Service durch?<\/strong><\/p>\n<p>Verantwortlich f\u00fcr diesen Service ist Matthias Klopp. Gr\u00fcnder der Ideenagentur Knack die Nuss! 1999 und einer der ersten Internet-Marketing-Spezialisten f\u00fcr Dienstleister in Deutschland.<\/p>\n<p><strong>Lieferzeit und Format<\/strong><\/p>\n<p>Das Ergebnis wird ca. 7 Werktage nach Bestellung als PDF-Datei per E-mail zugeschickt.<\/p>\n<p><strong>Zufriedenheitsgarantie<\/strong><\/p>\n<p>Ich will Dir helfen, mit einem \u00e4u\u00dferst schmackhaften Angebot, aus vorbeischwimmenden Interessenten neue Kunden f\u00fcr Dich zu machen. Wenn Du mit unserer Idee nicht zufrieden bist, dann bekommst Du Dein Geld zur\u00fcck. Eine kurze E-mail gen\u00fcgt.<\/p>\n<p><strong>Du z\u00f6gerst noch?<\/strong><br \/>\nDu brauchst meinen Service gar nicht zu buchen. Du kannst das auch ganz einfach selbst machen.<\/p>\n<p data-wp-editing=\"1\"><img loading=\"lazy\" decoding=\"async\" class=\"alignnone wp-image-291\" src=\"https:\/\/www.knackdienuss.de\/shop\/wp-content\/uploads\/2021\/08\/erdbeereis-prinzip_cover_500-150x150.jpg\" alt=\"\" width=\"162\" height=\"200\" srcset=\"https:\/\/www.knackdienuss.de\/shop\/wp-content\/uploads\/2021\/08\/erdbeereis-prinzip_cover_500-242x300.jpg 242w, https:\/\/www.knackdienuss.de\/shop\/wp-content\/uploads\/2021\/08\/erdbeereis-prinzip_cover_500-324x401.jpg 324w, https:\/\/www.knackdienuss.de\/shop\/wp-content\/uploads\/2021\/08\/erdbeereis-prinzip_cover_500-416x515.jpg 416w, https:\/\/www.knackdienuss.de\/shop\/wp-content\/uploads\/2021\/08\/erdbeereis-prinzip_cover_500.jpg 500w\" sizes=\"auto, (max-width: 162px) 100vw, 162px\" \/><\/p>\n<p>Mehr Informationen und Beispiele zum &#8218;Das Erdbeereis-Prinzip&#8216; und das eBook kostenlos zum Herunterladen gibt es hier:<\/p>\n<p><a href=\"https:\/\/www.gruenderland.de\/das-erdbeereis-prinzip\/\" target=\"_blank\" rel=\"noopener\">https:\/\/www.gruenderland.de\/das-erdbeereis-prinzip\/<\/a><\/p>\n<p>Hier findest Du den Artikel &#8218;<a href=\"https:\/\/www.knackdienuss.de\/verlockende-einstiegsangebote-fuer-mehr-umsatz\/\">Verlockende Einstiegsangebote: Mehr Kunden f\u00fcr Dich mit diesen 11 K\u00f6der-Ideen<\/a>&#8218;.<\/p>\n<p>Mit Deinem eigenen &#8218;Erdbeereis&#8216;-Angebot schwimmen Deinen Neu-Kunden nicht einfach an Deinem Produkt vorbei, sondern Du bekommst endlich mehr neue Kunden an den Haken.<\/p>\n<p><em><strong>Wichtiger Hinweis:<\/strong> Nicht in jeder Branche ist so ein &#8218;Erdbeereis-Angebot&#8216; m\u00f6glich. Wir sagen das nat\u00fcrlich dann gleich und erstatten den Kaufpreis umgehend zur\u00fcck. Im Zweifel einfach vorher <a href=\"https:\/\/www.knackdienuss.de\/kontakt\/\">fragen<\/a>. F\u00fcr folgende Branchen k\u00f6nnen wir diesen Service grunds\u00e4tzlich nicht anbieten: Gl\u00fccksspiel, Tabakindustrie, alkoholische Getr\u00e4nke, Erotik, Finanzdiensleistungen.<\/em><\/p>\n","protected":false},"excerpt":{"rendered":"<p>Entwicklung eines verlockendes Einstiegsangebots zur Gewinnung von Neukunden f\u00fcr Dein Produkt oder Service.<\/p>\n","protected":false},"featured_media":291,"template":"","meta":[],"product_brand":[],"product_cat":[19],"product_tag":[],"class_list":{"0":"post-290","1":"product","2":"type-product","3":"status-publish","4":"has-post-thumbnail","6":"product_cat-gruender-unternehmer","8":"first","9":"instock","10":"virtual","11":"taxable","12":"purchasable","13":"product-type-simple"},"_links":{"self":[{"href":"https:\/\/www.knackdienuss.de\/shop\/wp-json\/wp\/v2\/product\/290","targetHints":{"allow":["GET"]}}],"collection":[{"href":"https:\/\/www.knackdienuss.de\/shop\/wp-json\/wp\/v2\/product"}],"about":[{"href":"https:\/\/www.knackdienuss.de\/shop\/wp-json\/wp\/v2\/types\/product"}],"wp:featuredmedia":[{"embeddable":true,"href":"https:\/\/www.knackdienuss.de\/shop\/wp-json\/wp\/v2\/media\/291"}],"wp:attachment":[{"href":"https:\/\/www.knackdienuss.de\/shop\/wp-json\/wp\/v2\/media?parent=290"}],"wp:term":[{"taxonomy":"product_brand","embeddable":true,"href":"https:\/\/www.knackdienuss.de\/shop\/wp-json\/wp\/v2\/product_brand?post=290"},{"taxonomy":"product_cat","embeddable":true,"href":"https:\/\/www.knackdienuss.de\/shop\/wp-json\/wp\/v2\/product_cat?post=290"},{"taxonomy":"product_tag","embeddable":true,"href":"https:\/\/www.knackdienuss.de\/shop\/wp-json\/wp\/v2\/product_tag?post=290"}],"curies":[{"name":"wp","href":"https:\/\/api.w.org\/{rel}","templated":true}]}}