{"id":306,"date":"2021-08-17T00:59:48","date_gmt":"2021-08-16T22:59:48","guid":{"rendered":"https:\/\/www.knackdienuss.de\/shop\/?post_type=product&#038;p=306"},"modified":"2021-08-17T01:01:55","modified_gmt":"2021-08-16T23:01:55","slug":"online-umsatz-reparatur-service","status":"publish","type":"product","link":"https:\/\/www.knackdienuss.de\/shop\/produkt\/online-umsatz-reparatur-service\/","title":{"rendered":"Online-Umsatz-Reparatur-Service"},"content":{"rendered":"<h2 class=\"has-text-align-center\" style=\"text-align: left;\">Wieviele Besucher Deiner Website werden auch zu Kunden?<\/h2>\n<p>Wir pr\u00fcfen, ob Deine Website Besucher \u00fcberzeugt und wie Du mehr Besucher auch zu Kunden machen kannst.<\/p>\n<p>Brauchst Du eine teure Website vollgestopft mit den neusten technischen Finessen, um online Kunden zu gewinnen?<\/p>\n<p>Nein, brauchst Du nicht.<\/p>\n<p>Brauchst Du die teuersten Designer, die man f\u00fcr Geld kriegen kann, um mit Deiner Website Kunden zu gewinnen?<\/p>\n<p>Nein, brauchst Du nicht.<\/p>\n<p>Brauchst Du eine Website, die schnell klar macht, was der Kunde von Dir bekommt, dass er Dir vertrauen kann und wie er etwas von Dir bekommt?<\/p>\n<p>Oh ja, die brauchst Du.<\/p>\n<p>Deshalb pr\u00fcfen wir Deine Website zuerst auf folgende Punkte:<\/p>\n<ul>\n<li>Erregt die Website Aufmerksamkeit?<\/li>\n<li>Wird die Hauptbotschaft schnell genug wahrgenommen?<\/li>\n<li>Schafft es die Website, schnell genug Vertrauen aufzubauen?<\/li>\n<li>Bietet die Website dem Besucher ausreichend Sicherheit?<\/li>\n<li>Hat die Website ein klares Ziel?<\/li>\n<li>Wird klar genug, welche Aktion ein Besucher ausf\u00fchren soll?<\/li>\n<\/ul>\n<p>Nur, wenn Deine Website alle Voraussetzungen erf\u00fcllt, kannst Du damit online auch Umsatz machen. Zus\u00e4tzlich zur Pr\u00fcfung bekommst Du ganz konkrete Vorschl\u00e4ge zur Verbesserung, um mehr Besucher zu Kunden zu machen.<\/p>\n<p><strong>Was genau bekomme ich?<\/strong><\/p>\n<p>Du bekommt eine professionelle \u00dcberpr\u00fcfung Deiner Website anhand der genannten Kritieren. Du erh\u00e4ltst schriflich eine ehrliche R\u00fcckmeldung mit konkreten Tipps und Hinweisen zur Verbesserung. Ein Online-Umsatz-Reparatur-Service gilt f\u00fcr eine Website bzw. eine Verkaufsseite.<\/p>\n<p>\u00dcberpr\u00fcft werden in der Regel folgende Seiten: Die Hauptseite\/Verkaufsseite, Referenzen bzw. Kundenstimmen und die \u00dcber uns-Seite.<\/p>\n<p><strong>Wer f\u00fchrt den Online-Umsatz-Reparatur-Service durch?<\/strong><\/p>\n<p>Verantwortlich f\u00fcr den Online-Umsatz-Reparatur-Service ist Matthias Klopp. Gr\u00fcnder der Ideenagentur Knack die Nuss! 1999 und einer der ersten Internet-Marketing-Spezialisten f\u00fcr Dienstleister in Deutschland.<\/p>\n<p><strong>Lieferzeit und Format<\/strong><\/p>\n<p>Das Ergebnis wird ca. 7 Werktage nach Bestellung als PDF-Datei per E-mail zugeschickt.<\/p>\n<p><strong>Zufriedenheitsgarantie<\/strong><\/p>\n<p>Ich will Dir helfen, mit Deiner Website online mehr Kunden zu gewinnen. Wenn Du mit unserem Online-Umsatz-Reparatur-Service nicht zufrieden bist, dann bekommst Du Dein Geld zur\u00fcck. Eine kurze E-mail gen\u00fcgt.<\/p>\n<p><strong>Du z\u00f6gerst noch?<\/strong><br \/>\nDu brauchst meinen Service gar nicht zu buchen. Du kannst das auch ganz einfach selbst machen. Du findest die wichtigsten Tipps auch hier in meiner <a href=\"https:\/\/www.gruenderland.de\/marketing\/profitable-websites-die-verkaufen.html\" target=\"_blank\" rel=\"noreferrer noopener\">Artikelserie zur Online-Akquise<\/a>. Ausserdem kannst Du hier einfach meine 5-seitige<a href=\"https:\/\/www.knackdienuss.de\/wp-content\/uploads\/2021\/08\/Website_Reparatur_Checkliste_KdN_2021.pdf\"> Website-Reparatur-Checkliste<\/a>\u201a herunterladen und selbst pr\u00fcfen, ob Deine Website in Ordnung ist.<\/p>\n<p>Falls es Dir trotzdem nicht gelingt, Deine Website selbst zu reparieren oder Du keine Zeit daf\u00fcr hast, dann komm einfach wieder hierher und buche diesen Service.<\/p>\n","protected":false},"excerpt":{"rendered":"<p>Wir sagen Dir ganz konkret, was Du an Deiner Website verbessern kannst, um online mehr Kunden zu gewinnen.<\/p>\n","protected":false},"featured_media":307,"template":"","meta":[],"product_brand":[],"product_cat":[19],"product_tag":[],"class_list":{"0":"post-306","1":"product","2":"type-product","3":"status-publish","4":"has-post-thumbnail","6":"product_cat-gruender-unternehmer","8":"first","9":"instock","10":"virtual","11":"taxable","12":"purchasable","13":"product-type-simple"},"_links":{"self":[{"href":"https:\/\/www.knackdienuss.de\/shop\/wp-json\/wp\/v2\/product\/306","targetHints":{"allow":["GET"]}}],"collection":[{"href":"https:\/\/www.knackdienuss.de\/shop\/wp-json\/wp\/v2\/product"}],"about":[{"href":"https:\/\/www.knackdienuss.de\/shop\/wp-json\/wp\/v2\/types\/product"}],"wp:featuredmedia":[{"embeddable":true,"href":"https:\/\/www.knackdienuss.de\/shop\/wp-json\/wp\/v2\/media\/307"}],"wp:attachment":[{"href":"https:\/\/www.knackdienuss.de\/shop\/wp-json\/wp\/v2\/media?parent=306"}],"wp:term":[{"taxonomy":"product_brand","embeddable":true,"href":"https:\/\/www.knackdienuss.de\/shop\/wp-json\/wp\/v2\/product_brand?post=306"},{"taxonomy":"product_cat","embeddable":true,"href":"https:\/\/www.knackdienuss.de\/shop\/wp-json\/wp\/v2\/product_cat?post=306"},{"taxonomy":"product_tag","embeddable":true,"href":"https:\/\/www.knackdienuss.de\/shop\/wp-json\/wp\/v2\/product_tag?post=306"}],"curies":[{"name":"wp","href":"https:\/\/api.w.org\/{rel}","templated":true}]}}