{"id":367,"date":"2021-09-30T15:00:41","date_gmt":"2021-09-30T13:00:41","guid":{"rendered":"https:\/\/www.knackdienuss.de\/shop\/?post_type=product&#038;p=367"},"modified":"2022-08-02T12:33:02","modified_gmt":"2022-08-02T10:33:02","slug":"website-quickfix","status":"publish","type":"product","link":"https:\/\/www.knackdienuss.de\/shop\/produkt\/website-quickfix\/","title":{"rendered":"Website-QuickFix PRO"},"content":{"rendered":"<h2 class=\"has-text-align-center\" style=\"text-align: left;\">Welche Ver\u00e4nderungen erh\u00f6hen am schnellsten Deinen Online-Umsatz?<\/h2>\n<p>Deine Website macht aus Besuchern keine Kunden?<\/p>\n<p>Du h\u00e4ttest gerne einen Expertenblick von au\u00dfen?<\/p>\n<p>Du m\u00f6chtest wissen, mit welche Ver\u00e4nderungen Du Deine Website schnell auf mehr Umsatz trimmen kannst?<\/p>\n<p>Wenn Du nicht lange warten willst und nur ein begrenztes Budget zur Verf\u00fcgung hast, dann habe ich den Website-QuickFix PRO genau f\u00fcr Dich entwickelt.<\/p>\n<p><img loading=\"lazy\" decoding=\"async\" class=\"border alignnone wp-image-368 size-full\" src=\"https:\/\/www.knackdienuss.de\/shop\/wp-content\/uploads\/2021\/09\/website-quick-fix-screenshot.jpg\" alt=\"\" width=\"300\" height=\"307\" srcset=\"https:\/\/www.knackdienuss.de\/shop\/wp-content\/uploads\/2021\/09\/website-quick-fix-screenshot.jpg 300w, https:\/\/www.knackdienuss.de\/shop\/wp-content\/uploads\/2021\/09\/website-quick-fix-screenshot-293x300.jpg 293w\" sizes=\"auto, (max-width: 300px) 100vw, 300px\" \/><\/p>\n<p>Wie sagte ein Kunden zu mir, nachdem ich ihm meinen kommentierten Screenshot gemailt hatte:<\/p>\n<blockquote><p>&#8218;Die Punkte werden alle abgearbeitet.&#8216;<\/p><\/blockquote>\n<p><strong>Wie l\u00e4uft das genau ab?<\/strong><\/p>\n<p>Ich mache einen Screenshot Deiner Start- oder Angebotsseite. Dann sehe ich mir Deine Seite aus der Perspektive eines Kunden und Marketingexperten an und markiere und kommentiere direkt auf dem Screenshot alles, was mir dabei auff\u00e4llt. Auf einen Blick und zum direkten Abarbeiten hast Du eine Anleitung f\u00fcr die n\u00e4chsten Schritte.<\/p>\n<p>Ich muss keine langen Texte verfassen und Du musst nicht lange warten und bekommst einen wesentlich g\u00fcnstigeren Preis als f\u00fcr einen ausf\u00fchrlichen Check.<\/p>\n<p>Das Ergebnis ist dasselbe:<\/p>\n<p>Du bekommst eine Liste mit Vorschl\u00e4gen, wie Du Deine Website mit \u00fcberschaubaren Ver\u00e4nderungen schnell auf mehr Umsatz trimmen kannst<em> (und musst auch nicht beim Ansehen eines Videos umst\u00e4ndlich mitschreiben, wie bei manch anderen &#8218;Wesbite-Check&#8216;-Angeboten, ich schreib Dir schon noch alles auf den Screenshot drauf)<\/em>.<\/p>\n<p><strong>Wer f\u00fchrt den Website-QuickFix durch?<\/strong><\/p>\n<p>Der Website-QuickFix wird durchgef\u00fchrt von Matthias Klopp. Gr\u00fcnder der Ideenagentur Knack die Nuss! 1999, Autor von www.Gruenderland.de seit 2001, Betreiber der Kunst-Plattform www.kunst.ag seit 2004 und einer der ersten Internet-Marketing-Spezialisten f\u00fcr Dienstleister in Deutschland.<\/p>\n<p><strong>Lieferzeit und Format<\/strong><\/p>\n<p>Du bekommst den bearbeiteten Screenshot Deiner Startseite mit meinen Markierungen und Kommentaren als JPG-Datei per E-mail. Das dauert maximal 5 Werktage.<\/p>\n<p>Nur solange der Vorrat reicht.<\/p>\n<p>Im Ernst: Ich arbeite die Auftr\u00e4ge nat\u00fcrlich in der Reihenfolge der Eing\u00e4nge ab und habe daf\u00fcr auch nur begrenzt Zeit zur Verf\u00fcgung. Wenn es zu viele werden, muss ich das Angebot erstmal wieder pausieren.<\/p>\n<p><strong>Zufriedenheitsgarantie<\/strong><\/p>\n<p>Ich will Dir helfen, mit Deiner Website online mehr Kunden zu gewinnen. Wenn Du mit meinem Website-QuickFix nicht zufrieden bist, dann bekommst Du Dein Geld zur\u00fcck. Dazu hast Du 30 Tage nach Erhalt des kommentierten Screenshots Zeit. Eine kurze E-mail mit Angabe Deiner Bankverbindung gen\u00fcgt.<\/p>\n","protected":false},"excerpt":{"rendered":"<p>Kommentierter Screenshot Deiner Startseite mit konkreten Vorschl\u00e4gen, die schnell mehr Umsatz bringen. Schnell, klar und direkt.<\/p>\n","protected":false},"featured_media":372,"template":"","meta":[],"product_brand":[],"product_cat":[19],"product_tag":[],"class_list":{"0":"post-367","1":"product","2":"type-product","3":"status-publish","4":"has-post-thumbnail","6":"product_cat-gruender-unternehmer","8":"first","9":"instock","10":"virtual","11":"taxable","12":"purchasable","13":"product-type-simple"},"_links":{"self":[{"href":"https:\/\/www.knackdienuss.de\/shop\/wp-json\/wp\/v2\/product\/367","targetHints":{"allow":["GET"]}}],"collection":[{"href":"https:\/\/www.knackdienuss.de\/shop\/wp-json\/wp\/v2\/product"}],"about":[{"href":"https:\/\/www.knackdienuss.de\/shop\/wp-json\/wp\/v2\/types\/product"}],"wp:featuredmedia":[{"embeddable":true,"href":"https:\/\/www.knackdienuss.de\/shop\/wp-json\/wp\/v2\/media\/372"}],"wp:attachment":[{"href":"https:\/\/www.knackdienuss.de\/shop\/wp-json\/wp\/v2\/media?parent=367"}],"wp:term":[{"taxonomy":"product_brand","embeddable":true,"href":"https:\/\/www.knackdienuss.de\/shop\/wp-json\/wp\/v2\/product_brand?post=367"},{"taxonomy":"product_cat","embeddable":true,"href":"https:\/\/www.knackdienuss.de\/shop\/wp-json\/wp\/v2\/product_cat?post=367"},{"taxonomy":"product_tag","embeddable":true,"href":"https:\/\/www.knackdienuss.de\/shop\/wp-json\/wp\/v2\/product_tag?post=367"}],"curies":[{"name":"wp","href":"https:\/\/api.w.org\/{rel}","templated":true}]}}