{"id":398,"date":"2021-11-19T11:18:51","date_gmt":"2021-11-19T10:18:51","guid":{"rendered":"https:\/\/www.knackdienuss.de\/shop\/?post_type=product&#038;p=398"},"modified":"2024-07-26T01:49:17","modified_gmt":"2024-07-25T23:49:17","slug":"meinekunstseite-com","status":"publish","type":"product","link":"https:\/\/www.knackdienuss.de\/shop\/produkt\/meinekunstseite-com\/","title":{"rendered":"MeineKunstSeite.com (1 Jahr inkl. Domain)"},"content":{"rendered":"<p><strong>Professionell. Einfach. Deine eigene K\u00fcnstler-Website.<\/strong><\/p>\n<p class=\"mb-0 pt-3\">Professionelles Design, eigene Domain und Du kannst alles kinderleicht selbst verwalten. Wesentlich g\u00fcnstiger als vergleichbare Angebote.<\/p>\n<p><strong>Alle Leistungen und die Angebotsbeschreibung findest Du hier:<br \/>\n<\/strong><\/p>\n<p><a href=\"https:\/\/www.meinekunstseite.com\/\" target=\"_blank\" rel=\"noopener\">https:\/\/www.meinekunstseite.com\/<\/a><\/p>\n<p><strong>Gleich testen und starten:<\/strong><\/p>\n<div>\n<p>Du kannst jetzt auch schon die vorhandenen Funktionen testen.<\/p>\n<p>Einfach hier auf unserer Verwaltungsseite registrieren und loslegen:<\/p>\n<p><a href=\"https:\/\/www.meinezentrale.com\/\" target=\"_blank\" rel=\"noopener\">https:\/\/www.meinezentrale.com\/<\/a><\/p>\n<p>Du kannst Dir Deine Testseite sofort ansehen wie sie dann auch unter www.vorname-nachname.de aussehen w\u00fcrde. Deine Wunschdomain kannst Du Dir selbst aussuchen.<\/p>\n<p>Alle eingegeben Daten werden dann auch f\u00fcr Deine eigene Domain \u00fcbernommen.<\/p>\n<p><strong>F\u00fcr Mitglieder der Kunst Arbeitsgemeinschaft (www.kunst.ag):<\/strong><\/p>\n<p><strong>Import aller Kunstwerke von Deinem www.kunst.ag-Profil<\/strong> zu Deiner eigenen Website auf Wunsch m\u00f6glich.<\/p>\n<p>Du musst Dir keine doppelte Arbeit machen: Wir k\u00f6nnen alle Kunstwerke, die Du schon auf Deiner Seite bei www.kunst.ag eingetragen hast, einfach auf Deine eigene Domain \u00fcbertragen.<\/p>\n<p>Wer jetzt noch mitmacht, bekommt diesen Extra-Service <strong>kostenlos<\/strong>.<\/p>\n<p>Wenn Du Dich schon unter <a href=\"https:\/\/www.meinezentrale.com\">www.meinezentrale.com<\/a> registriert hast, schick mit einfach eine E-mail und wir importieren Deine Werke.<\/p>\n<p>Nochmal herzlichen Dank an alle teilnehmenden K\u00fcnstler f\u00fcr Euer Vertrauen!<\/p>\n<\/div>\n<p>Matthias Klopp &amp; Team<\/p>\n","protected":false},"excerpt":{"rendered":"<p>Eigene Domain &amp; Website f\u00fcr K\u00fcnstler <em>(Preis pro Jahr, .com, .at oder .ch m\u00f6glich)<\/em><\/p>\n","protected":false},"featured_media":403,"template":"","meta":[],"product_brand":[],"product_cat":[18],"product_tag":[],"class_list":{"0":"post-398","1":"product","2":"type-product","3":"status-publish","4":"has-post-thumbnail","6":"product_cat-kuenstler","8":"first","9":"instock","10":"taxable","11":"shipping-taxable","12":"purchasable","13":"product-type-variable"},"_links":{"self":[{"href":"https:\/\/www.knackdienuss.de\/shop\/wp-json\/wp\/v2\/product\/398","targetHints":{"allow":["GET"]}}],"collection":[{"href":"https:\/\/www.knackdienuss.de\/shop\/wp-json\/wp\/v2\/product"}],"about":[{"href":"https:\/\/www.knackdienuss.de\/shop\/wp-json\/wp\/v2\/types\/product"}],"wp:featuredmedia":[{"embeddable":true,"href":"https:\/\/www.knackdienuss.de\/shop\/wp-json\/wp\/v2\/media\/403"}],"wp:attachment":[{"href":"https:\/\/www.knackdienuss.de\/shop\/wp-json\/wp\/v2\/media?parent=398"}],"wp:term":[{"taxonomy":"product_brand","embeddable":true,"href":"https:\/\/www.knackdienuss.de\/shop\/wp-json\/wp\/v2\/product_brand?post=398"},{"taxonomy":"product_cat","embeddable":true,"href":"https:\/\/www.knackdienuss.de\/shop\/wp-json\/wp\/v2\/product_cat?post=398"},{"taxonomy":"product_tag","embeddable":true,"href":"https:\/\/www.knackdienuss.de\/shop\/wp-json\/wp\/v2\/product_tag?post=398"}],"curies":[{"name":"wp","href":"https:\/\/api.w.org\/{rel}","templated":true}]}}