{"id":50,"date":"2021-01-06T05:34:35","date_gmt":"2021-01-06T04:34:35","guid":{"rendered":"https:\/\/www.knackdienuss.de\/shop\/?post_type=product&#038;p=50"},"modified":"2021-01-14T03:37:59","modified_gmt":"2021-01-14T02:37:59","slug":"solo-unternehmer-corona-paket","status":"publish","type":"product","link":"https:\/\/www.knackdienuss.de\/shop\/produkt\/solo-unternehmer-corona-paket\/","title":{"rendered":"Solo-Unternehmer-Corona-Paket"},"content":{"rendered":"<p>Dieses &#8218;Solo-Unternehmer-Corona-Paket&#8216; richtet sich an Solo-Unternehmer, die von der Corona-Krise besonders betroffen sind: 50% Rabatt.<\/p>\n<p>Um Solo-Unternehmer zu unterst\u00fctzen habe ich ein Paket aus eBooks und individuellem Coaching geschn\u00fcrt. Damit es sich Solo-Unternehmer auch in diesen schweren Zeiten leisten k\u00f6nnen, biete ich das ganze Paket aktuell zum Sonderpreis an.<\/p>\n<p>Seit \u00fcber 20 Jahren bin ich selbst &#8218;Kleinunternehmer&#8216; und habe Gr\u00fcnder und Unternehmer betreut, beraten und gecoacht. 2001 erschien mein erster Artikel f\u00fcr Gr\u00fcnder im Handelsblatt und seitdem ver\u00f6ffentliche ich Artikel, Anleitungen, Kurse und eBooks auf <a href=\"https:\/\/www.gruenderland.de\" target=\"_blank\" rel=\"noopener\">Gruenderland.de<\/a>. Das &#8218;Solo-Unternehmer-Corona-Paket&#8216; richtet sich an alle Gr\u00fcnder und Unternehmer, die mit professioneller Unterst\u00fctzung und pers\u00f6nlicher Betreuung einen Schritt weiter gehen wollen.<\/p>\n<p>Bitte lies Dir die Beschreibungen der enthaltenen Angebote des Pakets vor der Buchung durch, damit Du genau wei\u00dft, was Du bekommst.<\/p>\n<p><em>HINWEIS: Das enthaltene Intensiv-Coaching ist ein Spezialangebot f\u00fcr Solo-Unternehmer in Corona-Zeiten. Wenn Du dar\u00fcber hinaus Interesse an meinem Coaching hast, dann schick mir bitte vorher <a href=\"https:\/\/www.knackdienuss.de\/kontakt\/\">eine Nachricht<\/a>.<\/em><\/p>\n","protected":false},"excerpt":{"rendered":"<p>Dieses &#8218;Solo-Unternehmer-Corona-Paket&#8216; richtet sich an Solo-Unternehmer, die von der Corona-Krise besonders betroffen sind: 50% Rabatt.<\/p>\n","protected":false},"featured_media":51,"template":"","meta":[],"product_brand":[],"product_cat":[19,17],"product_tag":[],"class_list":{"0":"post-50","1":"product","2":"type-product","3":"status-publish","4":"has-post-thumbnail","6":"product_cat-gruender-unternehmer","7":"product_cat-pakete","9":"first","10":"instock","11":"sale","12":"virtual","13":"taxable","14":"purchasable","15":"product-type-woosb"},"_links":{"self":[{"href":"https:\/\/www.knackdienuss.de\/shop\/wp-json\/wp\/v2\/product\/50","targetHints":{"allow":["GET"]}}],"collection":[{"href":"https:\/\/www.knackdienuss.de\/shop\/wp-json\/wp\/v2\/product"}],"about":[{"href":"https:\/\/www.knackdienuss.de\/shop\/wp-json\/wp\/v2\/types\/product"}],"wp:featuredmedia":[{"embeddable":true,"href":"https:\/\/www.knackdienuss.de\/shop\/wp-json\/wp\/v2\/media\/51"}],"wp:attachment":[{"href":"https:\/\/www.knackdienuss.de\/shop\/wp-json\/wp\/v2\/media?parent=50"}],"wp:term":[{"taxonomy":"product_brand","embeddable":true,"href":"https:\/\/www.knackdienuss.de\/shop\/wp-json\/wp\/v2\/product_brand?post=50"},{"taxonomy":"product_cat","embeddable":true,"href":"https:\/\/www.knackdienuss.de\/shop\/wp-json\/wp\/v2\/product_cat?post=50"},{"taxonomy":"product_tag","embeddable":true,"href":"https:\/\/www.knackdienuss.de\/shop\/wp-json\/wp\/v2\/product_tag?post=50"}],"curies":[{"name":"wp","href":"https:\/\/api.w.org\/{rel}","templated":true}]}}