{"id":56,"date":"2021-01-06T06:23:16","date_gmt":"2021-01-06T05:23:16","guid":{"rendered":"https:\/\/www.knackdienuss.de\/shop\/?post_type=product&#038;p=56"},"modified":"2021-01-15T05:15:34","modified_gmt":"2021-01-15T04:15:34","slug":"solo-und-klein-paket","status":"publish","type":"product","link":"https:\/\/www.knackdienuss.de\/shop\/produkt\/solo-und-klein-paket\/","title":{"rendered":"Solo-und-Klein-Paket (6 eBooks)"},"content":{"rendered":"<p><em>eBooks<\/em><\/p>\n<h3>Wie zufrieden bist Du gerade mit Deiner kleinen Firma?<\/h3>\n<p>Klein sein ist keine Schande, im Gegenteil. Klein ist sch\u00f6n. Aber wenn Du das Gef\u00fchl hast, Du k\u00f6nntest noch viel mehr aus Deiner kleinen Firma machen oder solltest einiges \u00e4ndern, dann lies am besten weiter.<\/p>\n<h3>Komprimiertes Knowhow f\u00fcr Solo- und Kleinunternehmer in 6 eBooks:<\/h3>\n<p>M\u00f6chtest Du mehr aus Deiner kleinen Firma machen?<\/p>\n<p>Von richtig profitablen Gesch\u00e4ftsfeldern \u00fcber Kundengewinnung wie beim Fischefangen bis zu Deiner Multiplikation, um mehr Geld verdienen zu k\u00f6nnen, ohne Dich klonen zu m\u00fcssen.<\/p>\n<h3>Richte Dir Deine eigene kleine Firma so ein, dass Du auch alleine gutes Geld verdienst:<\/h3>\n<ul>\n<li>Wie finde ich eine Gesch\u00e4ftsidee, die zu mir passt und profitabel ist?<\/li>\n<li>Wie finde ich neue, profitable Gesch\u00e4ftsfelder?<\/li>\n<li>Wie kann ich auch ohne viel Startkapital eine erfolgreiche Firma gr\u00fcnden?<\/li>\n<li>Wie gewinne ich meine ersten (und zweiten und dritten&#8230;) Kunden, indem ich ihnen ein unwiderstehliches Angebot mache?<\/li>\n<li>Welche Regeln galten schon immer f\u00fcr&#8217;s Geldverdienen und wie kann ich es mir leichter machen?<\/li>\n<li>Wie halte ich die Kosten klein?<\/li>\n<li>Wie arbeite ich m\u00f6glichst wenig selbst? Wie multipliziere ich mich als Solo-Unternehmer, um mehr Geld verdienen zu k\u00f6nnen?<\/li>\n<li>Wie maximiere ich meinen Profit?<\/li>\n<\/ul>\n<h3>Welche eBooks und Inhalte bekomme ich genau?<\/h3>\n<p>Du bekommst 6 eBooks mit folgenden Inhalten und Tipps zum sofortigen Anwenden:<\/p>\n<p><strong>Das Gold in der Marktl\u00fccke<\/strong><em> (eBook)<\/em><br \/>\nDu suchst die &#8222;z\u00fcndende Gesch\u00e4ftsidee&#8220;? Eine lukrative Marktl\u00fccke?<br \/>\nMit dieser Methode kannst Du schnell und einfach Schritt f\u00fcr Schritt profitable Marktl\u00fccken aufsp\u00fcren und passende Produkte daf\u00fcr entwickeln.<\/p>\n<p><strong>BizPrototyping<\/strong><em> (eBook)<\/em><br \/>\nGesch\u00e4ftsideen schnell und g\u00fcnstig testen: Wie finde ich schnell und g\u00fcnstig heraus, ob meine Gesch\u00e4ftsidee auch wirklich viele K\u00e4ufer finden wird?<\/p>\n<p><strong>Ein unwiderstehliches Angebot<\/strong><em> (eBook)<\/em><br \/>\nWie mache ich meinen Kunden Angebote, die sie einfach nicht ablehnen k\u00f6nnen?<\/p>\n<p><strong>Neu-reich auf die alte Tour<\/strong><em> (eBook)<\/em><br \/>\nWelche Ratschl\u00e4ge gibt ein Million\u00e4rs aus der Vergangenheit, der es auch ein zweites Mal zum Million\u00e4r gebracht hat, nachdem er seine ersten Millionen wieder verlor?<br \/>\nMit aktuellen Kommentaren und Tipps zur Anwendung auf die heutige Zeit.<\/p>\n<p><strong>Klein sein und arbeiten wie ein Gro\u00dfkonzern<\/strong><em> (eBook)<br \/>\n<\/em>Wie kann ich mich als Solo- oder Kleinunternehmer so professionell organisieren und pr\u00e4sentieren, dass alle denken, mein Unternehmen sei viel gr\u00f6\u00dfer?<br \/>\nWie muss ich meine Firma organisieren, dass mein Unternehmen f\u00fcr mich arbeitet und nicht umgekehrt?<\/p>\n<p><strong>Die 5 Moneymaker<\/strong><em> (eBook)<\/em><br \/>\n5 Ratschl\u00e4ge und Ideen, die Dir wirklich Geld bringen.<\/p>\n<h3>Wer hat die eBooks geschrieben?<\/h3>\n<p>Alle eBooks habe ich, Matthias Klopp, selbst geschrieben. Eins habe ich selbst \u00fcbersetzt und mit meinen Kommentaren und Tipps versehen (&#8218;Neu-reich auf die alte Tour&#8216;).<\/p>\n<p>Vor \u00fcber 20 Jahren habe ich als Student mit 500 DM meine erste Firma gegr\u00fcndet. Im Studium habe ich auch die ersten Workshops f\u00fcr Gr\u00fcnder veranstaltet und seit 2001 schreibe ich auf <a href=\"https:\/\/www.gruenderland.de\" target=\"_blank\" rel=\"noopener\">Gruenderland.de<\/a> Artikel f\u00fcr Gr\u00fcnder und Unternehmer. Seit \u00fcber 20 Jahren ver\u00f6ffentliche ich Tipps, Anleitungen, Online-Kurse und eBooks zu Gesch\u00e4ftsideen \u00fcber Namensfindung bis zum Marketing. Das meiste davon kostenlos.<\/p>\n<p>Tausende Gr\u00fcnder und Unternehmer haben meine Artikel gelesen und Anleitungen genutzt. Hier sind einige <a href=\"https:\/\/www.gruenderland.de\/leserstimmen.html\" target=\"_blank\" rel=\"noopener\">Leserstimmen<\/a> und <a href=\"https:\/\/www.gruenderland.de\/presse.html\" target=\"_blank\" rel=\"noopener\">Presseartikel<\/a>. Als Coach und mit meiner Ideenagentur Knack die Nuss! habe ich Gr\u00fcndern und Unternehmern geholfen, f\u00fchrende Anbieter in ihren Nischen zu werden oder ihre Firma erfolgreich verkaufen zu k\u00f6nnen.<\/p>\n<h3 class=\"elementor-image-box-title\">Mobil \u00fcberall und jederzeit lesen:<\/h3>\n<p class=\"elementor-image-box-title\">Die eBooks werden als PDF-Datei geliefert. Damit kannst Du sie auf Deinem Computer, Tablet, Smartphone und fast allen Readern von Kindle bis Tolino \u00fcberall und jederzeit lesen.<\/p>\n<h3>Was ist, wenn ich mit den eBooks nicht zufrieden bin?<\/h3>\n<p>Du hast 30 Tage Zeit Dein Geld zur\u00fcckzuverlangen, wenn Du nicht zu 100% zufrieden bist. Schick mir einfach eine E-mail und Du bekommst Dein Geld umgehend zur\u00fcck, ohne Wenn und Aber. Komische Fragen musst Du daf\u00fcr auch nicht beantworten. Die ganzen eBooks beh\u00e4ltst Du nat\u00fcrlich trotzdem.<\/p>\n<p>Ganz ehrlich und mit offenen Karten: Das Paket habe ich schon weit \u00fcber 1000 Mal verkauft. Urspr\u00fcnglich hat es als &#8218;Klein-aber-reich&#8216;-Paket 99 EUR gekostet. Nur eine Handvoll der K\u00e4ufer wollte bisher das Geld zur\u00fcck. Nat\u00fcrlich haben sie ihr Geld auch umgehend zur\u00fcckbekommen.<\/p>\n<h3>Dies ist eine Sonderaktion zur Corona-Zeit: M\u00f6chtest Du die Zeit nutzen?<\/h3>\n<p>Ich wei\u00df, vor allem viele Solo-Unternehmer machen gerade schlimme Zeiten durch. Auf meiner <a href=\"https:\/\/www.gruenderland.de\" target=\"_blank\" rel=\"noopener\">Gruenderland-Seite findest Du einige Tipps, wie Du als Solo-Unternehmer durch diese Krisenzeiten<\/a> kommen kannst (s. Artikel\u00fcbersicht auf der Startseite). Nat\u00fcrlich kostenlos.<\/p>\n<p>Ja, dieses Paket kostet immer noch etwas Geld. Zum Beispiel so viel wie ein Essen zum Mittagstisch, dass Du Dir ja gerade sowieso nicht kaufen kannst.<\/p>\n<p>Wenn Du diese Zeit und den Lockdown nutzen m\u00f6chtest, um Dich auf die Zeit danach vorzubereiten und Deine Firma f\u00fcr die Zukunft besser aufstellen willst, dann wirst Du im Solo-und-Klein-Paket viele n\u00fctzliche Informationen und Tipps daf\u00fcr finden. Ganz ehrlich. Wenn nicht, bekommst Du Dein Geld einfach wieder zur\u00fcck.<\/p>\n<p>Die Situation ist schon bescheiden genug.<\/p>\n<p>Machen wir wenigstens das beste daraus?<\/p>\n","protected":false},"excerpt":{"rendered":"<p class=\"regular-title\">M\u00f6chtest Du mehr aus Deiner kleinen Firma machen? Von richtig profitablen Gesch\u00e4ftsfeldern \u00fcber Kundengewinnung wie beim Fischefangen bis zu Deiner Multiplikation, um mehr Geld verdienen zu k\u00f6nnen, ohne Dich klonen zu m\u00fcssen.<\/p>\n","protected":false},"featured_media":167,"template":"","meta":[],"product_brand":[],"product_cat":[19],"product_tag":[],"class_list":{"0":"post-56","1":"product","2":"type-product","3":"status-publish","4":"has-post-thumbnail","6":"product_cat-gruender-unternehmer","8":"first","9":"instock","10":"sale","11":"downloadable","12":"taxable","13":"shipping-taxable","14":"purchasable","15":"product-type-simple"},"_links":{"self":[{"href":"https:\/\/www.knackdienuss.de\/shop\/wp-json\/wp\/v2\/product\/56","targetHints":{"allow":["GET"]}}],"collection":[{"href":"https:\/\/www.knackdienuss.de\/shop\/wp-json\/wp\/v2\/product"}],"about":[{"href":"https:\/\/www.knackdienuss.de\/shop\/wp-json\/wp\/v2\/types\/product"}],"wp:featuredmedia":[{"embeddable":true,"href":"https:\/\/www.knackdienuss.de\/shop\/wp-json\/wp\/v2\/media\/167"}],"wp:attachment":[{"href":"https:\/\/www.knackdienuss.de\/shop\/wp-json\/wp\/v2\/media?parent=56"}],"wp:term":[{"taxonomy":"product_brand","embeddable":true,"href":"https:\/\/www.knackdienuss.de\/shop\/wp-json\/wp\/v2\/product_brand?post=56"},{"taxonomy":"product_cat","embeddable":true,"href":"https:\/\/www.knackdienuss.de\/shop\/wp-json\/wp\/v2\/product_cat?post=56"},{"taxonomy":"product_tag","embeddable":true,"href":"https:\/\/www.knackdienuss.de\/shop\/wp-json\/wp\/v2\/product_tag?post=56"}],"curies":[{"name":"wp","href":"https:\/\/api.w.org\/{rel}","templated":true}]}}